{"id":559,"date":"2023-07-01T11:37:39","date_gmt":"2023-07-01T09:37:39","guid":{"rendered":"https:\/\/lightpainting.me\/?post_type=product&#038;p=559"},"modified":"2025-07-07T15:05:32","modified_gmt":"2025-07-07T13:05:32","slug":"magic-light-coming-soon","status":"publish","type":"product","link":"https:\/\/lightpainting.me\/index.php\/produkt\/magic-light-coming-soon\/","title":{"rendered":"Magic-Light"},"content":{"rendered":"","protected":false},"excerpt":{"rendered":"<p>Unser &#8222;Magic-Light&#8220; ist die erste Taschenlampe mit einem farbigen Touch-Display das anzeigt was programmiert, bzw. aufgerufen wird.<\/p>\n<p>Das Magic-Light verf\u00fcgt \u00fcber 7 Ebenen mit jeweils 4 festen Programmen. ( Programmpl\u00e4tze 1-28 ) Eine zus\u00e4tzliche Ebene stellt die 4 Grundfarben ( rot, gr\u00fcn, blau, wei\u00df) und alle sich daraus ergebene Mischfarben zur Verf\u00fcgung. Weiterhin stehen 28 verschiedene Strobes auf Abruf bereit.<\/p>\n<p>Alle Programme k\u00f6nnen w\u00e4hrend dem painten per einfachem Tastendruck gewechselt werden.<\/p>\n<p>Hinter den Programmpl\u00e4tzen 29-36\u00a0 verbergen sich jeweils 4 Strobes mit unterschiedlichen Frequenzen. Diesen Strobes k\u00f6nnen 7 verschiedene Farben zugeordnet werden.<\/p>\n<p>Weiterhin ist ein USB-C Port f\u00fcr sp\u00e4tere Updates vorhanden.<\/p>\n<p>Beim Magic-Light wurde gro\u00dfer Wert auf einfache und logische Bedienung und Programmierung gelegt.<\/p>\n<p><em><strong>Kein z\u00e4hlen mehr wie oft eine Taste gedr\u00fcckt wird!<\/strong><\/em><\/p>\n","protected":false},"featured_media":567,"template":"","meta":[],"product_brand":[],"product_cat":[17],"product_tag":[],"class_list":{"0":"post-559","1":"product","2":"type-product","3":"status-publish","4":"has-post-thumbnail","6":"product_cat-elektronik","8":"first","9":"instock","10":"sold-individually","11":"taxable","12":"shipping-taxable","13":"purchasable","14":"product-type-simple"},"_links":{"self":[{"href":"https:\/\/lightpainting.me\/index.php\/wp-json\/wp\/v2\/product\/559","targetHints":{"allow":["GET"]}}],"collection":[{"href":"https:\/\/lightpainting.me\/index.php\/wp-json\/wp\/v2\/product"}],"about":[{"href":"https:\/\/lightpainting.me\/index.php\/wp-json\/wp\/v2\/types\/product"}],"wp:featuredmedia":[{"embeddable":true,"href":"https:\/\/lightpainting.me\/index.php\/wp-json\/wp\/v2\/media\/567"}],"wp:attachment":[{"href":"https:\/\/lightpainting.me\/index.php\/wp-json\/wp\/v2\/media?parent=559"}],"wp:term":[{"taxonomy":"product_brand","embeddable":true,"href":"https:\/\/lightpainting.me\/index.php\/wp-json\/wp\/v2\/product_brand?post=559"},{"taxonomy":"product_cat","embeddable":true,"href":"https:\/\/lightpainting.me\/index.php\/wp-json\/wp\/v2\/product_cat?post=559"},{"taxonomy":"product_tag","embeddable":true,"href":"https:\/\/lightpainting.me\/index.php\/wp-json\/wp\/v2\/product_tag?post=559"}],"curies":[{"name":"wp","href":"https:\/\/api.w.org\/{rel}","templated":true}]}}