{"id":469,"date":"2022-12-10T18:20:32","date_gmt":"2022-12-10T17:20:32","guid":{"rendered":"https:\/\/lightpainting.me\/?post_type=product&#038;p=469"},"modified":"2024-04-22T14:48:49","modified_gmt":"2024-04-22T12:48:49","slug":"star-zeichentool-ii","status":"publish","type":"product","link":"https:\/\/lightpainting.me\/index.php\/produkt\/star-zeichentool-ii\/","title":{"rendered":"Star-Zeichentool II"},"content":{"rendered":"","protected":false},"excerpt":{"rendered":"<p>Unser neues Star- und Zeichentool eignet sich zur Verwendung am Strobelight und Stroblight PRO Griff. Damit ist es m\u00f6glich Blendensterne auch an schwer zug\u00e4nglichen Stellen zu platzieren. Die beiliegenden Aufs\u00e4tze mit einer Licht\u00f6ffnung von jeweils 5, 8 und 11mm, was je nach Objektiv, kleine, sehr pr\u00e4zise Blendensterne ergibt. Der beiliegende wei\u00dfe Diffusoraufsatz eignet sich hervorragend zum zeichnen, sei es in der Luft, an einer Wand oder dem Boden. Hier k\u00f6nnen auch alle zur Verf\u00fcgung stehende Strobes verwendet werden die es sonst in keiner Stiftlampe so gibt. Um Blendensterne zu erzeugen wird der Strobelight \/ oder PRO Griff auf Dauerlicht eingestellt und somit reicht ein kurzer Tastendruck. Dieses Set II beinhaltet zus\u00e4tzlich einen Ausl\u00f6segriff um das Tool auch eigenst\u00e4ndig zu betreiben<\/p>\n","protected":false},"featured_media":467,"template":"","meta":[],"product_brand":[],"product_cat":[17],"product_tag":[],"class_list":{"0":"post-469","1":"product","2":"type-product","3":"status-publish","4":"has-post-thumbnail","6":"product_cat-elektronik","8":"first","9":"instock","10":"taxable","11":"shipping-taxable","12":"purchasable","13":"product-type-simple"},"_links":{"self":[{"href":"https:\/\/lightpainting.me\/index.php\/wp-json\/wp\/v2\/product\/469","targetHints":{"allow":["GET"]}}],"collection":[{"href":"https:\/\/lightpainting.me\/index.php\/wp-json\/wp\/v2\/product"}],"about":[{"href":"https:\/\/lightpainting.me\/index.php\/wp-json\/wp\/v2\/types\/product"}],"wp:featuredmedia":[{"embeddable":true,"href":"https:\/\/lightpainting.me\/index.php\/wp-json\/wp\/v2\/media\/467"}],"wp:attachment":[{"href":"https:\/\/lightpainting.me\/index.php\/wp-json\/wp\/v2\/media?parent=469"}],"wp:term":[{"taxonomy":"product_brand","embeddable":true,"href":"https:\/\/lightpainting.me\/index.php\/wp-json\/wp\/v2\/product_brand?post=469"},{"taxonomy":"product_cat","embeddable":true,"href":"https:\/\/lightpainting.me\/index.php\/wp-json\/wp\/v2\/product_cat?post=469"},{"taxonomy":"product_tag","embeddable":true,"href":"https:\/\/lightpainting.me\/index.php\/wp-json\/wp\/v2\/product_tag?post=469"}],"curies":[{"name":"wp","href":"https:\/\/api.w.org\/{rel}","templated":true}]}}