{"id":414,"date":"2022-08-29T13:19:24","date_gmt":"2022-08-29T11:19:24","guid":{"rendered":"https:\/\/lightpainting.me\/?post_type=product&#038;p=414"},"modified":"2024-03-26T17:01:06","modified_gmt":"2024-03-26T16:01:06","slug":"strobelight-pro-kopie","status":"publish","type":"product","link":"https:\/\/lightpainting.me\/index.php\/produkt\/strobelight-pro-kopie\/","title":{"rendered":"Strobelight PRO &#8211; Strobelight PRO color"},"content":{"rendered":"","protected":false},"excerpt":{"rendered":"<p>Unser Strobelight PRO ist die Weiterentwicklung unsere Strobelight_Griffs Dieses Tool erzeugt nun mit der dazugeh\u00f6rigen Lampe 3 verschiedene Strobearten\u00a0 die sofort ohne zu programmieren abrufbar sind. Es handelt sich hierbei um einen 1:1 Strobe bei dem Licht und Pause jeweils gleich lang sind. Als zweiter Strobe ist ein Blitzstrobe vorhanden bei dem die Lampe jeweils nur 5 Millisekunden brennt. Nr. 3 ist ein sogenannter Ribbon Strobe bei dem die Lampe in den Pausen noch zu 50% leuchtet. Ein Schiebeschalter erm\u00f6glicht es diesen Strobe zu invertieren, so erscheint Pause und Licht in umgekehrten Verh\u00e4ltnis. Dauerlicht ist \u00fcber Poti 1 und Taste 1 abrufbar. Bei allen Strobes ist die Frequenz jeweils unabh\u00e4ngig mittels eines Potis w\u00e4hlbar. Der Frequenzbereich bewegt sich zwischen 5- und 57 Hz.<br \/>\nDer Handgriff dient gleichzeitig als Kabelfernschalter so dass nicht an der Endkappe oder der meist zu kleine Seitenschalter gesucht werden muss.<\/p>\n<p>Neu ist dass die Helligkeit der Lampe nun in 3 Stufen (High, Medium, Low) einstellbar ist!<\/p>\n<p>&nbsp;<\/p>\n<p>Ein Set besteht aus Strobelight-Griff und Lampe<\/p>\n<p><a href=\"https:\/\/lightpainting.me\/wp-content\/uploads\/2022\/07\/Lightpainting-Strobelight-PRO.pdf\" target=\"_blanc\" rel=\"noopener\">Anleitung downloaden<\/a><\/p>\n","protected":false},"featured_media":497,"template":"","meta":[],"product_brand":[],"product_cat":[17],"product_tag":[],"class_list":{"0":"post-414","1":"product","2":"type-product","3":"status-publish","4":"has-post-thumbnail","6":"product_cat-elektronik","8":"first","9":"instock","10":"taxable","11":"shipping-taxable","12":"purchasable","13":"product-type-variable"},"_links":{"self":[{"href":"https:\/\/lightpainting.me\/index.php\/wp-json\/wp\/v2\/product\/414","targetHints":{"allow":["GET"]}}],"collection":[{"href":"https:\/\/lightpainting.me\/index.php\/wp-json\/wp\/v2\/product"}],"about":[{"href":"https:\/\/lightpainting.me\/index.php\/wp-json\/wp\/v2\/types\/product"}],"wp:featuredmedia":[{"embeddable":true,"href":"https:\/\/lightpainting.me\/index.php\/wp-json\/wp\/v2\/media\/497"}],"wp:attachment":[{"href":"https:\/\/lightpainting.me\/index.php\/wp-json\/wp\/v2\/media?parent=414"}],"wp:term":[{"taxonomy":"product_brand","embeddable":true,"href":"https:\/\/lightpainting.me\/index.php\/wp-json\/wp\/v2\/product_brand?post=414"},{"taxonomy":"product_cat","embeddable":true,"href":"https:\/\/lightpainting.me\/index.php\/wp-json\/wp\/v2\/product_cat?post=414"},{"taxonomy":"product_tag","embeddable":true,"href":"https:\/\/lightpainting.me\/index.php\/wp-json\/wp\/v2\/product_tag?post=414"}],"curies":[{"name":"wp","href":"https:\/\/api.w.org\/{rel}","templated":true}]}}