{"id":355,"date":"2022-05-15T13:05:03","date_gmt":"2022-05-15T11:05:03","guid":{"rendered":"https:\/\/lightpainting.me\/?post_type=product&#038;p=355"},"modified":"2024-03-26T17:01:41","modified_gmt":"2024-03-26T16:01:41","slug":"strobe-griff","status":"publish","type":"product","link":"https:\/\/lightpainting.me\/index.php\/produkt\/strobe-griff\/","title":{"rendered":"Strobelight"},"content":{"rendered":"","protected":false},"excerpt":{"rendered":"<p>Unser Strobelight erzeugt mit der dazugeh\u00f6rigen Lampe 2 verschiedene Strobearten\u00a0 die sofort ohne zu programmieren abrufbar sind. Es handelt sich hierbei um einen 1:1 Strobe bei dem Licht und Pause jeweils gleich lang sind. Als zweiter Strobe ist ein sogenannter Blitzstrobe vorhanden bei dem die Lampe jeweils nur 5 Millisekunden brennt. Dauerlicht ist durch dr\u00fccken beider Tasten gleichzeitig abrufbar. Bei beiden Strobes ist die Frequenz jeweils unabh\u00e4ngig mittels eines Potis w\u00e4hlbar. Der Frequenzbereich bewegt sich zwischen 5- und 50 Hz.<br \/>\nDer Handgriff dient gleichzeitig als Kabelfernschalter so dass nicht an der Endkappe oder der meist zu kleine Seitenschalter gesucht werden muss.<\/p>\n<p>&nbsp;<\/p>\n<p>Ein Set besteht aus Strobe-Griff und Lampe<\/p>\n<p>&nbsp;<\/p>\n<p><a href=\"https:\/\/lightpainting.me\/wp-content\/uploads\/2022\/06\/Lightpainting-Strobegriff.pdf\" target=\"_blanc\" rel=\"noopener\">Anleitung downloaden<\/a><\/p>\n","protected":false},"featured_media":351,"template":"","meta":[],"product_brand":[],"product_cat":[17],"product_tag":[],"class_list":{"0":"post-355","1":"product","2":"type-product","3":"status-publish","4":"has-post-thumbnail","6":"product_cat-elektronik","8":"first","9":"instock","10":"taxable","11":"shipping-taxable","12":"purchasable","13":"product-type-simple"},"_links":{"self":[{"href":"https:\/\/lightpainting.me\/index.php\/wp-json\/wp\/v2\/product\/355","targetHints":{"allow":["GET"]}}],"collection":[{"href":"https:\/\/lightpainting.me\/index.php\/wp-json\/wp\/v2\/product"}],"about":[{"href":"https:\/\/lightpainting.me\/index.php\/wp-json\/wp\/v2\/types\/product"}],"wp:featuredmedia":[{"embeddable":true,"href":"https:\/\/lightpainting.me\/index.php\/wp-json\/wp\/v2\/media\/351"}],"wp:attachment":[{"href":"https:\/\/lightpainting.me\/index.php\/wp-json\/wp\/v2\/media?parent=355"}],"wp:term":[{"taxonomy":"product_brand","embeddable":true,"href":"https:\/\/lightpainting.me\/index.php\/wp-json\/wp\/v2\/product_brand?post=355"},{"taxonomy":"product_cat","embeddable":true,"href":"https:\/\/lightpainting.me\/index.php\/wp-json\/wp\/v2\/product_cat?post=355"},{"taxonomy":"product_tag","embeddable":true,"href":"https:\/\/lightpainting.me\/index.php\/wp-json\/wp\/v2\/product_tag?post=355"}],"curies":[{"name":"wp","href":"https:\/\/api.w.org\/{rel}","templated":true}]}}