{"id":314,"date":"2021-11-11T10:31:45","date_gmt":"2021-11-11T09:31:45","guid":{"rendered":"https:\/\/lightpainting.me\/?post_type=product&#038;p=314"},"modified":"2023-06-02T17:10:38","modified_gmt":"2023-06-02T15:10:38","slug":"strobo-dauer-elektronik","status":"publish","type":"product","link":"https:\/\/lightpainting.me\/index.php\/produkt\/strobo-dauer-elektronik\/","title":{"rendered":"Star-Zeichentool"},"content":{"rendered":"","protected":false},"excerpt":{"rendered":"<p>Unser neues Star- und Zeichentool eigenet sich zur Verwendung am Strobelight und Stroblight PRO Griff. Damit ist es m\u00f6glich Blendensterne auch an schwer zug\u00e4nglichen Stellen zu platzieren. Der beiliegende Aufsatz hat eine Licht\u00f6ffnung von 5mm was, je nach Objektiv, kleine, sehr pr\u00e4zise Blendensterne ergibt. Der beiliegende wei\u00dfe Aufsatz eignet sich hervorragend zum zeichnen, sei es in der Luft, an einer Wand oder dem Boden. Hier k\u00f6nnen auch alle zur Verf\u00fcgung stehende Strobes verwendet werden die es sonst in keiner Stiftlampe so gibt. Um Blendensterne zu erzeugen wird der Strobelight \/ oder PRO Griff auf Dauerlicht eingestellt und somit reicht ein kurzer Tastendruck.<\/p>\n","protected":false},"featured_media":449,"template":"","meta":[],"product_brand":[],"product_cat":[17],"product_tag":[],"class_list":{"0":"post-314","1":"product","2":"type-product","3":"status-publish","4":"has-post-thumbnail","6":"product_cat-elektronik","8":"first","9":"instock","10":"taxable","11":"shipping-taxable","12":"purchasable","13":"product-type-simple"},"_links":{"self":[{"href":"https:\/\/lightpainting.me\/index.php\/wp-json\/wp\/v2\/product\/314","targetHints":{"allow":["GET"]}}],"collection":[{"href":"https:\/\/lightpainting.me\/index.php\/wp-json\/wp\/v2\/product"}],"about":[{"href":"https:\/\/lightpainting.me\/index.php\/wp-json\/wp\/v2\/types\/product"}],"wp:featuredmedia":[{"embeddable":true,"href":"https:\/\/lightpainting.me\/index.php\/wp-json\/wp\/v2\/media\/449"}],"wp:attachment":[{"href":"https:\/\/lightpainting.me\/index.php\/wp-json\/wp\/v2\/media?parent=314"}],"wp:term":[{"taxonomy":"product_brand","embeddable":true,"href":"https:\/\/lightpainting.me\/index.php\/wp-json\/wp\/v2\/product_brand?post=314"},{"taxonomy":"product_cat","embeddable":true,"href":"https:\/\/lightpainting.me\/index.php\/wp-json\/wp\/v2\/product_cat?post=314"},{"taxonomy":"product_tag","embeddable":true,"href":"https:\/\/lightpainting.me\/index.php\/wp-json\/wp\/v2\/product_tag?post=314"}],"curies":[{"name":"wp","href":"https:\/\/api.w.org\/{rel}","templated":true}]}}