{"id":244,"date":"2021-09-24T11:31:57","date_gmt":"2021-09-24T09:31:57","guid":{"rendered":"https:\/\/lightpainting.me\/?post_type=product&#038;p=244"},"modified":"2023-06-02T17:14:08","modified_gmt":"2023-06-02T15:14:08","slug":"farbfilter-set","status":"publish","type":"product","link":"https:\/\/lightpainting.me\/index.php\/produkt\/farbfilter-set\/","title":{"rendered":"Lichtball (Set)"},"content":{"rendered":"","protected":false},"excerpt":{"rendered":"<p>Lichtball Set\u00a0 bestehend aus 3 diffusen Lichtb\u00e4llen mit 30, 50 und 60mm Durchmesser.<\/p>\n<p>Dazu geh\u00f6rt ein Adapter der sowohl einen Lichtball als auch die Taschenlampe aufnimmt.<\/p>\n<p>F\u00fcr Lampendurchmesser von 25mm (andere Gr\u00f6\u00dfen auf Anfrage)<\/p>\n<p>&nbsp;<\/p>\n<p>&nbsp;<\/p>\n","protected":false},"featured_media":501,"template":"","meta":[],"product_brand":[],"product_cat":[16],"product_tag":[],"class_list":{"0":"post-244","1":"product","2":"type-product","3":"status-publish","4":"has-post-thumbnail","6":"product_cat-tools","8":"first","9":"instock","10":"taxable","11":"shipping-taxable","12":"purchasable","13":"product-type-simple"},"_links":{"self":[{"href":"https:\/\/lightpainting.me\/index.php\/wp-json\/wp\/v2\/product\/244","targetHints":{"allow":["GET"]}}],"collection":[{"href":"https:\/\/lightpainting.me\/index.php\/wp-json\/wp\/v2\/product"}],"about":[{"href":"https:\/\/lightpainting.me\/index.php\/wp-json\/wp\/v2\/types\/product"}],"wp:featuredmedia":[{"embeddable":true,"href":"https:\/\/lightpainting.me\/index.php\/wp-json\/wp\/v2\/media\/501"}],"wp:attachment":[{"href":"https:\/\/lightpainting.me\/index.php\/wp-json\/wp\/v2\/media?parent=244"}],"wp:term":[{"taxonomy":"product_brand","embeddable":true,"href":"https:\/\/lightpainting.me\/index.php\/wp-json\/wp\/v2\/product_brand?post=244"},{"taxonomy":"product_cat","embeddable":true,"href":"https:\/\/lightpainting.me\/index.php\/wp-json\/wp\/v2\/product_cat?post=244"},{"taxonomy":"product_tag","embeddable":true,"href":"https:\/\/lightpainting.me\/index.php\/wp-json\/wp\/v2\/product_tag?post=244"}],"curies":[{"name":"wp","href":"https:\/\/api.w.org\/{rel}","templated":true}]}}